{"id":713,"date":"2025-01-06T11:11:30","date_gmt":"2025-01-06T04:11:30","guid":{"rendered":"https:\/\/wiintek.com\/?page_id=713"},"modified":"2025-01-06T11:28:44","modified_gmt":"2025-01-06T04:28:44","slug":"privacy-policy","status":"publish","type":"page","link":"https:\/\/wiintek.com\/en\/privacy-policy\/","title":{"rendered":"Privacy Policy"},"content":{"rendered":"<div data-elementor-type=\"wp-page\" data-elementor-id=\"713\" class=\"elementor elementor-713\" data-elementor-post-type=\"page\">\n\t\t\t\t<div class=\"elementor-element elementor-element-c312a3e e-flex e-con-boxed e-con e-parent\" data-id=\"c312a3e\" data-element_type=\"container\" data-e-type=\"container\">\n\t\t\t\t\t<div class=\"e-con-inner\">\n\t\t\t\t<div class=\"elementor-element elementor-element-18a6f469 elementor-widget elementor-widget-text-editor\" data-id=\"18a6f469\" data-element_type=\"widget\" data-e-type=\"widget\" data-widget_type=\"text-editor.default\">\n\t\t\t\t<div class=\"elementor-widget-container\">\n\t\t\t\t\t\t\t\t\t<h2>Commitment<\/h2>\n<p><!-- \/wp:heading --><!-- wp:paragraph --><\/p>\n<p>We are committed to protecting your information. Thank you for trusting and choosing Wiintek\u2019s services. This privacy policy will help you better understand how we handle your personal information.<\/p>\n<p><!-- \/wp:paragraph --><!-- wp:heading --><\/p>\n<h2><span style=\"color: inherit; font-size: 2rem; text-align: var(--text-align);\">\u00a0<\/span><\/h2>\n<h2><span style=\"color: inherit; font-size: 2rem; text-align: var(--text-align);\">Information We Collect<\/span><\/h2>\n<p><!-- \/wp:heading --><!-- wp:paragraph --><\/p>\n<p><strong>We may collect the following information from you:<\/strong><\/p>\n<p><!-- \/wp:paragraph --><!-- wp:paragraph --><\/p>\n<p><span style=\"font-weight: 400;\">Personal information: Full name, email, phone number, address, etc.<\/span>.<\/p>\n<p>Account information: Username, password, and other necessary information to access the service.<\/p>\n<p>Usage information: Access history, device used, IP address, and cookie data.<\/p>\n<p>Feedback information: Reviews, feedback, or questions you send to us through the communication system.<\/p>\n<p><!-- \/wp:paragraph --><!-- wp:heading --><\/p>\n<h2>\u00a0<\/h2>\n<h2>Information Usage Purpose<\/h2>\n<p><!-- \/wp:heading --><!-- wp:paragraph --><\/p>\n<p><strong>The information collected will be used for the following purposes:\u00a0<\/strong><\/p>\n<p>The information collected will be used for the following purposes:\u00a0<\/p>\n<p>To handle customer support requests or transactions.\u00a0<\/p>\n<p>To personalize the user experience.<\/p>\n<p>To send notifications, updates, or information related to the products.\u00a0<\/p>\n<p>To ensure the safety and security of your system and data.<\/p>\n<p>\u00a0<\/p>\n<p><!-- \/wp:paragraph --><!-- wp:heading --><\/p>\n<h2>Information Sharing<\/h2>\n<p><!-- \/wp:heading --><!-- wp:paragraph --><\/p>\n<p><strong>Wiintek is committed to not selling, exchanging, or sharing your personal information with third parties, except in the following cases:<\/strong><\/p>\n<p><!-- \/wp:paragraph --><!-- wp:paragraph --><\/p>\n<p><span style=\"font-weight: 400;\">With your consent<\/span>.<\/p>\n<p><!-- \/wp:paragraph --><!-- wp:paragraph --><\/p>\n<p>To comply with legal requirements or regulations from authorized agencies.<\/p>\n<p><!-- \/wp:paragraph --><!-- wp:paragraph --><\/p>\n<p><span style=\"font-weight: 400;\">When necessary to protect the rights or property of Wiintek.<\/span><\/p>\n<p><span style=\"font-weight: 400;\">Sharing with trusted service partners to improve products, provided they strictly comply with privacy policies.<\/span><\/p>\n<p>\u00a0<\/p>\n<p><!-- \/wp:paragraph --><!-- wp:heading --><\/p>\n<h2>Data Security<\/h2>\n<p><!-- \/wp:heading --><!-- wp:paragraph --><\/p>\n<p><strong>We implement appropriate technical and organizational measures to protect your personal information, including:\u00a0<\/strong><\/p>\n<p><!-- \/wp:paragraph --><!-- wp:paragraph --><\/p>\n<p>Data encryption.<\/p>\n<p>Restricting access to information only to authorized employees or partners.<\/p>\n<p>Regularly auditing and upgrading security systems.<\/p>\n<p>\u00a0<\/p>\n<p><!-- \/wp:paragraph --><!-- wp:heading --><\/p>\n<h2>Cookies and Tracking Technologies<\/h2>\n<p><!-- \/wp:heading --><!-- wp:paragraph --><\/p>\n<p><span style=\"text-align: var(--text-align);\"><b>We use cookies to:<\/b><\/span><strong>:<\/strong><\/p>\n<p>Store login information, allowing you to access faster.<\/p>\n<p><span style=\"font-weight: 400;\">Track user behavior to optimize the experience.<\/span><\/p>\n<p>You can disable cookies through your browser settings, but this may affect your experience using the service.<\/p>\n<p><!-- \/wp:paragraph --><!-- wp:heading --><\/p>\n<h2>\u00a0<\/h2>\n<h2>Your Rights<\/h2>\n<p><!-- \/wp:heading --><!-- wp:paragraph --><\/p>\n<p><strong>You have the right to:<\/strong><\/p>\n<p><!-- \/wp:paragraph --><!-- wp:paragraph --><\/p>\n<p>Access and review the personal information we store. Request correction or deletion of personal information if necessary.<\/p>\n<p>Object to the use of personal information for marketing purposes.<br \/><br \/><\/p>\n<p><!-- \/wp:paragraph --><!-- wp:heading --><\/p>\n<h2>Changes to the Privacy Policy<\/h2>\n<p><!-- \/wp:heading --><!-- wp:paragraph --><\/p>\n<p>Wiintek reserves the right to update the Privacy Policy at any time to comply with legal changes or service updates. All changes will be announced on the website and take effect immediately upon publication.<\/p>\n<p><!-- \/wp:paragraph --><\/p>\t\t\t\t\t\t\t\t<\/div>\n\t\t\t\t<\/div>\n\t\t\t\t\t<\/div>\n\t\t\t\t<\/div>\n\t\t\t\t<\/div>","protected":false},"excerpt":{"rendered":"<p>Cam k\u1ebft Ch\u00fang t\u00f4i cam k\u1ebft b\u1ea3o v\u1ec7 th\u00f4ng tin c\u1ee7a b\u1ea1n. Xin c\u1ea3m \u01a1n b\u1ea1n \u0111\u00e3 tin t\u01b0\u1edfng v\u00e0 l\u1ef1a ch\u1ecdn d\u1ecbch v\u1ee5 c\u1ee7a Wiintek. Ch\u00ednh s\u00e1ch b\u1ea3o m\u1eadt n\u00e0y s\u1ebd gi\u00fap b\u1ea1n hi\u1ec3u r\u00f5 h\u01a1n v\u1ec1 c\u00e1ch ch\u00fang t\u00f4i x\u1eed l\u00fd th\u00f4ng tin c\u00e1 nh\u00e2n c\u1ee7a b\u1ea1n. \u00a0 Th\u00f4ng Tin Ch\u00fang T\u00f4i Thu [&hellip;]<\/p>\n","protected":false},"author":2,"featured_media":0,"parent":0,"menu_order":0,"comment_status":"closed","ping_status":"closed","template":"elementor_header_footer","meta":{"footnotes":""},"class_list":["post-713","page","type-page","status-publish","hentry"],"_links":{"self":[{"href":"https:\/\/wiintek.com\/en\/wp-json\/wp\/v2\/pages\/713","targetHints":{"allow":["GET"]}}],"collection":[{"href":"https:\/\/wiintek.com\/en\/wp-json\/wp\/v2\/pages"}],"about":[{"href":"https:\/\/wiintek.com\/en\/wp-json\/wp\/v2\/types\/page"}],"author":[{"embeddable":true,"href":"https:\/\/wiintek.com\/en\/wp-json\/wp\/v2\/users\/2"}],"replies":[{"embeddable":true,"href":"https:\/\/wiintek.com\/en\/wp-json\/wp\/v2\/comments?post=713"}],"version-history":[{"count":4,"href":"https:\/\/wiintek.com\/en\/wp-json\/wp\/v2\/pages\/713\/revisions"}],"predecessor-version":[{"id":718,"href":"https:\/\/wiintek.com\/en\/wp-json\/wp\/v2\/pages\/713\/revisions\/718"}],"wp:attachment":[{"href":"https:\/\/wiintek.com\/en\/wp-json\/wp\/v2\/media?parent=713"}],"curies":[{"name":"wp","href":"https:\/\/api.w.org\/{rel}","templated":true}]}}